{"id":1128,"date":"2019-05-15T13:48:40","date_gmt":"2019-05-15T11:48:40","guid":{"rendered":"https:\/\/studiodf.pl\/?page_id=1128"},"modified":"2021-02-25T11:46:12","modified_gmt":"2021-02-25T10:46:12","slug":"fundusze-europejskie","status":"publish","type":"page","link":"https:\/\/studiodf.pl\/en\/fundusze-europejskie\/","title":{"rendered":"European funds"},"content":{"rendered":"<div data-elementor-type=\"wp-post\" data-elementor-id=\"1128\" class=\"elementor elementor-1128\" data-elementor-post-type=\"page\">\n\t\t\t\t\t\t\t\t\t<section data-particle_enable=\"false\" data-particle-mobile-disabled=\"false\" class=\"elementor-section elementor-top-section elementor-element elementor-element-5c5f1eb4 elementor-section-height-min-height elementor-section-boxed elementor-section-height-default elementor-section-items-middle\" data-id=\"5c5f1eb4\" data-element_type=\"section\" data-settings=\"{&quot;background_background&quot;:&quot;classic&quot;,&quot;jet_parallax_layout_list&quot;:[{&quot;jet_parallax_layout_image&quot;:{&quot;url&quot;:&quot;&quot;,&quot;id&quot;:&quot;&quot;,&quot;size&quot;:&quot;&quot;},&quot;_id&quot;:&quot;a19f9fc&quot;,&quot;jet_parallax_layout_image_tablet&quot;:{&quot;url&quot;:&quot;&quot;,&quot;id&quot;:&quot;&quot;,&quot;size&quot;:&quot;&quot;},&quot;jet_parallax_layout_image_mobile&quot;:{&quot;url&quot;:&quot;&quot;,&quot;id&quot;:&quot;&quot;,&quot;size&quot;:&quot;&quot;},&quot;jet_parallax_layout_speed&quot;:{&quot;unit&quot;:&quot;%&quot;,&quot;size&quot;:50,&quot;sizes&quot;:[]},&quot;jet_parallax_layout_type&quot;:&quot;scroll&quot;,&quot;jet_parallax_layout_direction&quot;:null,&quot;jet_parallax_layout_fx_direction&quot;:null,&quot;jet_parallax_layout_z_index&quot;:&quot;&quot;,&quot;jet_parallax_layout_bg_x&quot;:50,&quot;jet_parallax_layout_bg_x_tablet&quot;:&quot;&quot;,&quot;jet_parallax_layout_bg_x_mobile&quot;:&quot;&quot;,&quot;jet_parallax_layout_bg_y&quot;:50,&quot;jet_parallax_layout_bg_y_tablet&quot;:&quot;&quot;,&quot;jet_parallax_layout_bg_y_mobile&quot;:&quot;&quot;,&quot;jet_parallax_layout_bg_size&quot;:&quot;auto&quot;,&quot;jet_parallax_layout_bg_size_tablet&quot;:&quot;&quot;,&quot;jet_parallax_layout_bg_size_mobile&quot;:&quot;&quot;,&quot;jet_parallax_layout_animation_prop&quot;:&quot;transform&quot;,&quot;jet_parallax_layout_on&quot;:[&quot;desktop&quot;,&quot;tablet&quot;]}]}\">\n\t\t\t\t\t\t\t<div class=\"elementor-background-overlay\"><\/div>\n\t\t\t\t\t\t\t<div class=\"elementor-container elementor-column-gap-default\">\n\t\t\t\t\t<div class=\"elementor-column elementor-col-100 elementor-top-column elementor-element elementor-element-5dae4753\" data-id=\"5dae4753\" data-element_type=\"column\">\n\t\t\t<div class=\"elementor-widget-wrap elementor-element-populated\">\n\t\t\t\t\t\t\t\t<div class=\"elementor-element elementor-element-26e60ae0 elementor-invisible elementor-widget elementor-widget-heading\" data-id=\"26e60ae0\" data-element_type=\"widget\" data-settings=\"{&quot;_animation&quot;:&quot;fadeIn&quot;}\" data-widget_type=\"heading.default\">\n\t\t\t\t<div class=\"elementor-widget-container\">\n\t\t\t<h1 class=\"elementor-heading-title elementor-size-default\">European funds<\/h1>\t\t<\/div>\n\t\t\t\t<\/div>\n\t\t\t\t\t<\/div>\n\t\t<\/div>\n\t\t\t\t\t\t\t<\/div>\n\t\t<\/section>\n\t\t\t\t<section data-particle_enable=\"false\" data-particle-mobile-disabled=\"false\" class=\"elementor-section elementor-top-section elementor-element elementor-element-12063ddb elementor-section-content-middle elementor-section-boxed elementor-section-height-default elementor-section-height-default\" data-id=\"12063ddb\" data-element_type=\"section\" data-settings=\"{&quot;jet_parallax_layout_list&quot;:[{&quot;_id&quot;:&quot;fd73e0c&quot;,&quot;jet_parallax_layout_image&quot;:{&quot;url&quot;:&quot;&quot;,&quot;id&quot;:&quot;&quot;,&quot;size&quot;:&quot;&quot;},&quot;jet_parallax_layout_image_tablet&quot;:{&quot;url&quot;:&quot;&quot;,&quot;id&quot;:&quot;&quot;,&quot;size&quot;:&quot;&quot;},&quot;jet_parallax_layout_image_mobile&quot;:{&quot;url&quot;:&quot;&quot;,&quot;id&quot;:&quot;&quot;,&quot;size&quot;:&quot;&quot;},&quot;jet_parallax_layout_speed&quot;:{&quot;unit&quot;:&quot;%&quot;,&quot;size&quot;:50,&quot;sizes&quot;:[]},&quot;jet_parallax_layout_type&quot;:&quot;scroll&quot;,&quot;jet_parallax_layout_direction&quot;:null,&quot;jet_parallax_layout_fx_direction&quot;:null,&quot;jet_parallax_layout_z_index&quot;:&quot;&quot;,&quot;jet_parallax_layout_bg_x&quot;:50,&quot;jet_parallax_layout_bg_x_tablet&quot;:&quot;&quot;,&quot;jet_parallax_layout_bg_x_mobile&quot;:&quot;&quot;,&quot;jet_parallax_layout_bg_y&quot;:50,&quot;jet_parallax_layout_bg_y_tablet&quot;:&quot;&quot;,&quot;jet_parallax_layout_bg_y_mobile&quot;:&quot;&quot;,&quot;jet_parallax_layout_bg_size&quot;:&quot;auto&quot;,&quot;jet_parallax_layout_bg_size_tablet&quot;:&quot;&quot;,&quot;jet_parallax_layout_bg_size_mobile&quot;:&quot;&quot;,&quot;jet_parallax_layout_animation_prop&quot;:&quot;transform&quot;,&quot;jet_parallax_layout_on&quot;:[&quot;desktop&quot;,&quot;tablet&quot;]}]}\">\n\t\t\t\t\t\t<div class=\"elementor-container elementor-column-gap-no\">\n\t\t\t\t\t<div class=\"elementor-column elementor-col-100 elementor-top-column elementor-element elementor-element-3409683b\" data-id=\"3409683b\" data-element_type=\"column\">\n\t\t\t<div class=\"elementor-widget-wrap elementor-element-populated\">\n\t\t\t\t\t\t\t\t<div class=\"elementor-element elementor-element-78231c48 elementor-widget elementor-widget-heading\" data-id=\"78231c48\" data-element_type=\"widget\" data-widget_type=\"heading.default\">\n\t\t\t\t<div class=\"elementor-widget-container\">\n\t\t\t<h4 class=\"elementor-heading-title elementor-size-default\">projects<\/h4>\t\t<\/div>\n\t\t\t\t<\/div>\n\t\t\t\t<div class=\"elementor-element elementor-element-4744cd43 elementor-widget elementor-widget-toggle\" data-id=\"4744cd43\" data-element_type=\"widget\" data-widget_type=\"toggle.default\">\n\t\t\t\t<div class=\"elementor-widget-container\">\n\t\t\t\t\t<div class=\"elementor-toggle\">\n\t\t\t\t\t\t\t<div class=\"elementor-toggle-item\">\n\t\t\t\t\t<div id=\"elementor-tab-title-1191\" class=\"elementor-tab-title\" data-tab=\"1\" role=\"button\" aria-controls=\"elementor-tab-content-1191\" aria-expanded=\"false\">\n\t\t\t\t\t\t\t\t\t\t\t\t<span class=\"elementor-toggle-icon elementor-toggle-icon-right\" aria-hidden=\"true\">\n\t\t\t\t\t\t\t\t\t\t\t\t\t\t\t<span class=\"elementor-toggle-icon-closed\"><i class=\"fas fa-caret-right\"><\/i><\/span>\n\t\t\t\t\t\t\t\t<span class=\"elementor-toggle-icon-opened\"><i class=\"elementor-toggle-icon-opened fas fa-caret-up\"><\/i><\/span>\n\t\t\t\t\t\t\t\t\t\t\t\t\t<\/span>\n\t\t\t\t\t\t\t\t\t\t\t\t<a class=\"elementor-toggle-title\" tabindex=\"0\">Promotion of STUDIO DF Dominica Fr\u0105czkiewicz&#039;s products on the American and Chinese markets<\/a>\n\t\t\t\t\t<\/div>\n\n\t\t\t\t\t<div id=\"elementor-tab-content-1191\" class=\"elementor-tab-content elementor-clearfix\" data-tab=\"1\" role=\"region\" aria-labelledby=\"elementor-tab-title-1191\"><p><img name=\"Obraz 3\" border=\"0\" \/><\/p><p><img decoding=\"async\" class=\"aligncenter wp-image-1285 size-large\" src=\"https:\/\/studiodf.pl\/wp-content\/uploads\/2019\/05\/na-stron\u0119-1024x141.png\" alt=\"\" width=\"1024\" height=\"141\" srcset=\"https:\/\/studiodf.pl\/wp-content\/uploads\/2019\/05\/na-stron\u0119-1024x141.png 1024w, https:\/\/studiodf.pl\/wp-content\/uploads\/2019\/05\/na-stron\u0119-300x41.png 300w, https:\/\/studiodf.pl\/wp-content\/uploads\/2019\/05\/na-stron\u0119-768x106.png 768w, https:\/\/studiodf.pl\/wp-content\/uploads\/2019\/05\/na-stron\u0119.png 1638w\" sizes=\"(max-width: 1024px) 100vw, 1024px\" \/><\/p><p align=\"justify\">The STUDIO DF company Dominika Fr\u0105czkiewicz implements the project entitled: &quot;Promotion of the STUDIO DF company products Dominika Fr\u0105czkiewicz on the American and Chinese markets&quot; under the Intelligent Development Operational Program, Sub-measure 3.3.3 SME support in the promotion of product brands - Go to Brand.<\/p><p align=\"justify\">The subject of the project is the participation of STUDIO DF Dominika Fr\u0105czkiewicz in international fairs in China, the United States and Poland, as well as the purchase of training services in the field of conducting business on the Chinese market.<\/p><p align=\"justify\">The aim of the project is to promote the company and its products - proprietary jewelry - at key international trade fairs. At the same time, the goal was to gain knowledge about the specificity of the Chinese market, absorbent artistic products from amber of Polish origin and prepare the company to enter this market.<\/p><p align=\"justify\">As a result of the co-financed project, the company plans:<\/p><p align=\"justify\">- influence the increase of the company&#039;s competitiveness in the jewelery and amber industry on the international arena,<\/p><p align=\"justify\">- expand export activities on the Chinese and American markets and, as a result<\/p><p align=\"justify\">- increase the scale of operations by increasing revenues from the sale of export products.<\/p><p align=\"justify\">The project&#039;s success will also contribute to the promotion of the Polish Economy Brand in the jewelery industry.<\/p><p align=\"justify\"><b>The duration of the project:\u00a0<\/b>01\/06\/2018 - 31\/12\/2019<\/p><p align=\"justify\"><b>Project value:\u00a0<\/b>PLN 335,500.00<\/p><p align=\"justify\"><b>Contribution of European Funds:\u00a0<\/b>PLN 285 175.00<\/p><p align=\"justify\">\u00a0<\/p><\/div>\n\t\t\t\t<\/div>\n\t\t\t\t\t\t\t\t<\/div>\n\t\t\t\t<\/div>\n\t\t\t\t<\/div>\n\t\t\t\t<div class=\"elementor-element elementor-element-a5e9d81 elementor-widget elementor-widget-toggle\" data-id=\"a5e9d81\" data-element_type=\"widget\" data-widget_type=\"toggle.default\">\n\t\t\t\t<div class=\"elementor-widget-container\">\n\t\t\t\t\t<div class=\"elementor-toggle\">\n\t\t\t\t\t\t\t<div class=\"elementor-toggle-item\">\n\t\t\t\t\t<div id=\"elementor-tab-title-1731\" class=\"elementor-tab-title\" data-tab=\"1\" role=\"button\" aria-controls=\"elementor-tab-content-1731\" aria-expanded=\"false\">\n\t\t\t\t\t\t\t\t\t\t\t\t<span class=\"elementor-toggle-icon elementor-toggle-icon-right\" aria-hidden=\"true\">\n\t\t\t\t\t\t\t\t\t\t\t\t\t\t\t<span class=\"elementor-toggle-icon-closed\"><i class=\"fas fa-caret-right\"><\/i><\/span>\n\t\t\t\t\t\t\t\t<span class=\"elementor-toggle-icon-opened\"><i class=\"elementor-toggle-icon-opened fas fa-caret-up\"><\/i><\/span>\n\t\t\t\t\t\t\t\t\t\t\t\t\t<\/span>\n\t\t\t\t\t\t\t\t\t\t\t\t<a class=\"elementor-toggle-title\" tabindex=\"0\">Expansion of STUDIO DF DOMINIKA FR\u0104CZKIEWICZ on the US market<\/a>\n\t\t\t\t\t<\/div>\n\n\t\t\t\t\t<div id=\"elementor-tab-content-1731\" class=\"elementor-tab-content elementor-clearfix\" data-tab=\"1\" role=\"region\" aria-labelledby=\"elementor-tab-title-1731\"><p><img name=\"Obraz 3\" border=\"0\" \/><\/p><p><img decoding=\"async\" class=\"alignnone wp-image-1114 size-large\" src=\"https:\/\/studiodf.pl\/wp-content\/uploads\/2019\/05\/unia_logo-1024x97.png\" alt=\"\" width=\"1024\" height=\"97\" srcset=\"https:\/\/studiodf.pl\/wp-content\/uploads\/2019\/05\/unia_logo-1024x97.png 1024w, https:\/\/studiodf.pl\/wp-content\/uploads\/2019\/05\/unia_logo-300x28.png 300w, https:\/\/studiodf.pl\/wp-content\/uploads\/2019\/05\/unia_logo-768x73.png 768w, https:\/\/studiodf.pl\/wp-content\/uploads\/2019\/05\/unia_logo.png 1889w\" sizes=\"(max-width: 1024px) 100vw, 1024px\" \/><\/p><p>STUDIO DF Dominika Fr\u0105czkiewicz is implementing a grant project entitled &quot;Expansion of STUDIO DF DOMINIKA FR\u0104CZKIEWICZ on the US market&quot;<b> <\/b>as part of the grant project &quot;Pomeranian Export Broker. A comprehensive system of export support in the Pomeranian Voivodship. &quot;<\/p><p>The subject of the project is participation in trade fairs of international character in the United States and Poland.<\/p><p>The aim of the project is to continue expansion on international markets and to strengthen the STUDIO DF brand by maintaining cooperation with existing business partners and establishing new business relationships. The project&#039;s success will also contribute to the promotion of the region abroad.<span class=\"Apple-converted-space\">\u00a0<\/span><\/p><p><b><img decoding=\"async\" class=\"alignright\" src=\"data:image\/png;base64,iVBORw0KGgoAAAANSUhEUgAAAFsAAAArCAYAAAAXFPRYAAABYWlDQ1BrQ0dDb2xvclNwYWNlRGlzcGxheVAzAAAokWNgYFJJLCjIYWFgYMjNKykKcndSiIiMUmB\/yMAOhLwMYgwKicnFBY4BAT5AJQwwGhV8u8bACKIv64LMOiU1tUm1XsDXYqbw1YuvRJsw1aMArpTU4mQg\/QeIU5MLikoYGBhTgGzl8pICELsDyBYpAjoKyJ4DYqdD2BtA7CQI+whYTUiQM5B9A8hWSM5IBJrB+API1klCEk9HYkPtBQFul8zigpzESoUAYwKuJQOUpFaUgGjn\/ILKosz0jBIFR2AopSp45iXr6SgYGRiaMzCAwhyi+nMgOCwZxc4gxJrvMzDY7v\/\/\/\/9uhJjXfgaGjUCdXDsRYhoWDAyC3AwMJ3YWJBYlgoWYgZgpLY2B4dNyBgbeSAYG4QtAPdHFacZGYHlGHicGBtZ7\/\/9\/VmNgYJ\/MwPB3wv\/\/vxf9\/\/93MVDzHQaGA3kAFSFl7jXH0fsAAA9nSURBVGgF7VoHeJRFGn7\/3c2mh5CEQCihCmIIQuwFgdBLBGzH4SkqPnY9TkURbIeniCd4DzyAoggIBjjKcSJIESmidJQapBkQkkBCMX2T7O6938z+2SVZvHh68Tx3YP9\/\/qnfvPPOO98MGG4GBEKtIGCplV4CnSgEAmDXIhECYNci2Laa9lVV2g3DqGnVQDkPAn6ZLcC6UQG9dfLtqmBxl6riNpzMA\/Oc8lRpgUfNEPAPNgz+YRbRVhAbFsKqv+G0wiDGbljZQ4DdNYNZl\/ILtsXtIphElLmGi0ojBDZccFo4CRbCbylnQoDVPwZoKetfswVQlSXAkt3ucjhLTqPsXA4xL0NYoxSyW5gtsxFgtwBZk2D4O9QIry3uCjgpH67iXORuew+lWTvgzD8Fqz0U8d1HIbRxqkBdGQIbZiUUF4344uUtRBlxUZOtVIrSnE0o3fMR7HnHYXeVwyg8h\/yDK2AxHAEl8SJWo5hfsGV7dFMdnPQ8Cg+th4XeiBFkI9gWWG1WODJ3oOi7L6jfXgmp6hrWqPffWCG\/YMNtIcAuygQ3QpcDVpYi\/Nwg3VRyTkXhGZTkHfqNQfXTh+sfbIqI2yCsIicV9LG5CbqF6gzK7SOjLZWs9rL7p5vz\/92Cf7DJYIOoCsCuCie1m99ktlUA51+nlZISVs+DjHYBL9wgJc3rGro5ab6h6rfO85b3LVs7cbPvC+32HcPPYYdf18+gjGhcDQTZgnmWFCdPA608cEsorOHxF+lfG6yOQ2zHoEfjrHDh26M5OHMmDwkJ9dC0eQInkuXou6vDk7StJkfev0TgCN1Byh6xw023VsimbRIXV4J8\/zT7\/IKt2vY8vM3LAZ5MZ6e2kDCC3UCVuJDRksQSLhorMsO\/mzYexPvTVuGrnUcIuht2exDuf7gnhj3Y3TMgT0cXOJJmWm28BUQCyonXYHJPot1aNmWF\/3w2+JcR6UBs4MPpLONb\/BMPB10EOyyav1gpoBmqYuaDlS1yb2Jg4fzNeOyBKTh96iyefm4QZqaPQLee7TFt8kp8cyCT8yJzbY5GdWg2Uotv3\/4NVFA2i4v0mDXSP59d\/sFm+4qxSre13srTItpNsFEngS5gqAKkKrPpxBA+Kz5ZugMvjZyFtIHXY+bcJzH4zk64PKUR2ndoiopyJ8rLuE7MceqW\/qsAq8s1mm6+zc4qXVauRgmzZ3yGEU9OREF+PleoBloUT9fjqlX7j0iNIHJhvmrgBx5+wfY0odoSVZWIm8C7xCvhlz0mkYjaPc1Kiq4hb\/FSMvYdx5gX09E77VqMeuk21I2JYBkXsk+exZyZa9EhpQUuS2rJ0mKw\/P5dMPsw+5HyjKtPeXgHrlsyy5l5Tk2eyr68fWphZDleUeSeLsCMaZ8jMiIW4RHhigwCsui3EEP2H00Qadfbh6EkSHo207QVVZ9+wXYKsKyobvrsdsJNCeGOybM9KixWhMW0Yru+Vc1O3MjPL8WYF\/6O2PgoPD1qIOzBFpSVObF3Vw6GP\/Iu8nKLMPyZNNiCpL5MpLxN4+V9satbsw8WUaDJVS9\/inZsQd6qHdnOGSfzhH0qmw+VzXQZmYDmImvzvy9kOvtXY7HgHwu3orikkPtJX1itZDrTzXoiLzu3H8b5c6WqFelC22+OQZNSp0te9eCLWGWulSdFpdKWEASFx8EhRnMCxMk2Gl4KW712\/BZQJIgPLj3LtwWzZ67DfjL7+ZeGIKFBNBwlZXjxuem4e\/B4Nbjxk+7B5R2bqTp6xxdwpK7JctMkX7ZeOCAFIvXeMMRrYHnFOAFN7JD6kqaB1my04fz5AjgcvG5gU0e\/zcaoEXNw+4A38PaUZUwzkHUiD\/PmrMWtd3TGJa09m780I+NmeyXFTrz15hwcyDjKEYsDYMWxYzlYuGA907I85aTsxYMfb0TkQgbKuxE2awmLg9saRCbwgBNaFw06P4rg8KYcmOzg0rgsUdE7F3btOIZZ01fgrns749rrL+HY2Q4H17BJLO59IBWDh3RGvfqRTJcNSG+OavWQZYKToTZWZrGSgKJZJUzUcXmroAB2Ye\/eE9i4fo+URv8BV6NR4xjWkULsl6y0EKzc3HzatBbLP9qEJ54ciD79r8Arz8\/D4W9y0fHqFiRAqWpy8cLtKClxo3vvFKz7bBe+3nkYN96UjCuvbo3NX36DvLwCvPr646jfMEyVX782A2+8ls4VGsHeN2Dqe48ioWFdlXexhx+wRS7IbGEzm4lu0xdlp3fDkb0XtjqNYY9uzVRRcqKjAJemDZQ53Hhn8seIjo7E0GHdmSf1KxAcYseDDw3C5xs2Y82azeh0UwpBEU9GJkp6oAfAuxeHowLh4bLpGlwNDhQWFaFOdBRsvIsxwWeEYGopmDt7HcaPXcb2rTwL2NWGPO6te9CmbWOWEkoCBw9kYfSz6di751v06dcRV1zdCrt2HcXWLw9h3IRh6D\/oCmkSxzPJ6g\/XovklDTBh3BIc4CTGxluR3KEF9u8\/gUeGTUVJaRn++FQaHnqsD44ezMGfR8\/FLb+7jox3YPuWIwgNC1Ft6RUlZDGZoZPl6QdspgrDhFaUE1tEE7jpUzvrnEJwbEve9kWQ+Ta55mYQsHQTO7dnYuOGDLp4A1CvXh1m8W6F5fbvy6Jh6TiYkUkWhHGpbsXY8XehrQLFwNZNR7B4wUZkZeVh8B9SkdgsBlP+thz79h5Hv7Tr6JP3wr7dmTjx3Smk9khB\/QaR2PLlYYwf9zG69+qIkS8OwpJFO\/DXsfNQWFCG788XUXu\/QuPEGLw5diHOnSvC+InD0Ld\/ihiMI4dPwk4CtGyjD2UyzOnvrKC9VoSHRWDtqv0cQz\/cx5VoDzZw9mwRnnz2dkyduIr7USGOZZ7EU8Nn4OyZMuzcdoz7UT7GjLuTJAtT5FITrXoSaRSiCFAaeL9gW+gGuQ3+2yMRdZVxmYU2hK0+2RzTlDNmV1evouGa3SzDpTt75qcEKh79B96gO+BSz8k5R22ciVJHCabN+hNyzxSoTfLrnZkEOxHpH2zAuL8sRvNWcZxYK14cuYBL30JAo3BTanukz1mHVSv2cMB5KCoopm+ehZdf\/T2WLdmBqOgIjHh+EA5lZOPdqcvRN+0atO\/Ygiw9holvLkJ+oYPaWx+Tpw2jFLThkGU1imlcCTxYBQVpJq5dvRuLFnyBx4YPRNfuyTidk4cP3v+Mq8yGIUM7ISYmHEVFZ7n6SpBGqYqNi+ZqimAbpeic2hbdeyYhJjYchYXFip8GL+9CQyNASSdWArRIMldaJS0Z9Q2yUN0ES46tTncprNGJqBvfCfagOFZ1sqpU9ugsR5B5NBdbNh3Aw4+nsWPRNNFkO3ZsO4xvj5zGjPSnERsTQo1biGbN49CjZ0dq6DaMfWU+dTwVTzzVl4zLwTPDp9MtbI4Ro+5AvfgIdOQy3vj5AfTtNwjhkTxMWbW7GRQcjPNk3IjHZ2LfruO4\/MrmGPn8rQTQieYtm2DC5PtxmO317H05EpvW4zjEpxebLdj99VHGnQrMosJSTJn0T1xz7WW4c2hnREaG4N1Zj+LtyUsx7tUFdP+i0CetHRYv3Ia0QSlo3bYJb0At9FZS8fLoeZg5bTWWLt7qmUjxjogOJXH4UzejS7cr2C8J6SMnfpntUhrBrcvJWbHHIabxNQiOiIfhFLWuQAVnzMZJU5sbZ2z75oPcQC24sXNbDkiCDAwo5+HFxQ5XLt+CTz\/ZgeLiMoydMJRHdhteGzMPXbulYMToAfy2KpAXfTwKYWG8d7GJh+PCLXdcy99VbEmWozcMufs65BecQs6JIgx7uAuG3N0FUXXC1eDklqBLt3bqZ9YwKGciF8s\/+gqz3vsCqb2TOZnhlDkrHqQGX5aUSKDtHI8T8fWjOHG3c4Wc4mpdhp79kjDyhYFIatdSXTULUXv0SkbDRjFYu3orTtM3d7voSNBPt8oFHYmQ0EgmWFaSrCUZi2g4Y0RfuH5BEB9UCT3BKs7KRuGJEwhv1BBhDRNgs4eoGWT7XCF8sNGXR3\/Ig8wJpC96lsBJhoDtog6fJ5sX4+ihU2jNzWfog12RnNyCklCK+fNWU3OvQmKiuFligvykXjmNk8ODGCmmMijvSPLUF9\/0jNi3nEJlA1YDU0tWyphaKS266NcXYM3KDKxeuRlbSIouqcmUorsQF0uvSG57ZAgEQwPGD48ntn\/PSXo7hzDothu4YsQW8pJ5ctZwe+wRF9B\/8Pj\/HI8mtthNwP2Czf8TYvDSaOfrb6BozXIYZ87CVT8RcbcORNv77oObmifXrqJGLpeTWvshvtmfjblLnibYMmAvME5OnKO0gozlrRqDQCqejvjG+ktSxRiVIx+eIK1Lum+QMhJE6MQx1d9qUvSodLaUYJYkzZq+CpMmLEVSciuukhvRq197hAQTOAGYE6PcVpYVAIWJyl1VIOm+pR3pT4LuQuKSJ2WlvsphXCJsQxJIFg7SU07GIWP1440I0d0V5cicMx+F8z9AFP+lxrAFwZl9CDlTJiGycVM0Tuujuhdzbczr2q09zpzLop\/qINhyNPcGK9e1CbSkattkPzAHoFLMHG9Fj4E+CReU0bXMurot37KyObn5vwJuvuUa2tdByUNIqMc9Y0GZLhMEMUpfs0kLpgfBMrRRa67Zj+T7xjWIKlUle75V3CznLVNNs6XxgmPZyHj7LSRwY7EGCSOpzjzYWJ38R97yYtWd8Fr0UTDr3rsDOnW9lIyh++Mx0BdMM02MMoOWieogmfk\/5q0BqVJDmMs76rp17fzRTh7K\/NlRNc1kapXWqn361vPwxsPyakUrE7ywe5Jk+GGxcYhtnYSC0gJucqJToj30Qrj0z2bwXpoOvlo1hF0YJIMNCeGBhGW0sYwyYoJgvit79UQull613H\/0Tbssno1eyKKP7d7JNe37IRtqmidjNsf9Q7ZWY7ZQ1V43Ek3uewgnI6NQcvwISui72srLUFq\/CZL69VArTfTNu6TMJSNd+cZ\/qOvayhPNFEmRexQv2LXVu28\/F9kgNZsF+NLsbOR9tRt5X+9CdHISmvXrBRdv7NQtoJrO\/zVwfYfnExecFdi\/nL1+wVb\/Q1XcOoLppjArv4DOutVCf9VJloj4MK+aBvmMLRCtjoBfsOUsJHInUuEiG2QDMElB9VNCQX9CAV69yUDKxRDwC7bgKEE2QbXo+K03ROG4ngRxnQLcVnDU+FF9g2RVjbXJYYWuBp1POX7rQBH55eTPY8Ov6+Wf2b+uMfxqrA3scbU4VQGwA2DXIgK12NW\/AF22MpQ1nlaCAAAAAElFTkSuQmCC\" alt=\"pastedGraphic.png\" \/><\/b><\/p><p><b>The duration of the project:<\/b> 25\/05\/2019 - 30\/09\/2019<\/p><p><b>Project value:<\/b> PLN 67,003.60<\/p><p><b>Contribution of European Funds:<\/b> PLN 31550.50<\/p><\/div>\n\t\t\t\t<\/div>\n\t\t\t\t\t\t\t\t<\/div>\n\t\t\t\t<\/div>\n\t\t\t\t<\/div>\n\t\t\t\t<div class=\"elementor-element elementor-element-9ba6b4c elementor-widget elementor-widget-toggle\" data-id=\"9ba6b4c\" data-element_type=\"widget\" data-widget_type=\"toggle.default\">\n\t\t\t\t<div class=\"elementor-widget-container\">\n\t\t\t\t\t<div class=\"elementor-toggle\">\n\t\t\t\t\t\t\t<div class=\"elementor-toggle-item\">\n\t\t\t\t\t<div id=\"elementor-tab-title-1631\" class=\"elementor-tab-title\" data-tab=\"1\" role=\"button\" aria-controls=\"elementor-tab-content-1631\" aria-expanded=\"false\">\n\t\t\t\t\t\t\t\t\t\t\t\t<span class=\"elementor-toggle-icon elementor-toggle-icon-right\" aria-hidden=\"true\">\n\t\t\t\t\t\t\t\t\t\t\t\t\t\t\t<span class=\"elementor-toggle-icon-closed\"><i class=\"fas fa-caret-right\"><\/i><\/span>\n\t\t\t\t\t\t\t\t<span class=\"elementor-toggle-icon-opened\"><i class=\"elementor-toggle-icon-opened fas fa-caret-up\"><\/i><\/span>\n\t\t\t\t\t\t\t\t\t\t\t\t\t<\/span>\n\t\t\t\t\t\t\t\t\t\t\t\t<a class=\"elementor-toggle-title\" tabindex=\"0\">Wsparcie M\u015aP w promocji marek produktowych \u2013 Go to Brand<\/a>\n\t\t\t\t\t<\/div>\n\n\t\t\t\t\t<div id=\"elementor-tab-content-1631\" class=\"elementor-tab-content elementor-clearfix\" data-tab=\"1\" role=\"region\" aria-labelledby=\"elementor-tab-title-1631\"><p>Firma STUDIO DF Dominika Fr\u0105czkiewicz realizuje projekt pt.: \u201eInternacjonalizacja marki Studio DF Dominika Fr\u0105czkiewicz na perspektywicznych rynkach zagranicznych\u201d<span class=\"Apple-converted-space\">\u00a0 <\/span>w ramach Programu Operacyjnego Inteligentny Rozw\u00f3j, Poddzia\u0142anie 3.3.3 Wsparcie M\u015aP w promocji marek produktowych \u2013 Go to Brand.<\/p><p>Przedmiotem projektu jest udzia\u0142 STUDIO DF Dominika Fr\u0105czkiewicz w mi\u0119dzynarodowych targach na terenie Chin, Stan\u00f3w Zjednoczonych,<span class=\"Apple-converted-space\">\u00a0 <\/span>Ukrainy i Polski, a tak\u017ce zakup us\u0142ugi doradczej w zakresie prowadzenia dzia\u0142alno\u015bci na rynku ukrai\u0144skim.<\/p><p>Celem realizacji projektu jest promocja firmy i jej wyrob\u00f3w \u2013 autorskiej bi\u017cuterii \u2013 na kluczowych dla niej imprezach targowych o charakterze mi\u0119dzynarodowym. R\u00f3wnolegle za cel obrano zdobycie wiedzy na temat specyfiki rynku ukrai\u0144skiego<\/p><p>As a result of the co-financed project, the company plans:<\/p><p>\u2013 wp\u0142yn\u0105\u0107 na wzrost konkurencyjno\u015bci firmy w bran\u017cy jubilersko-bursztynniczej na arenie mi\u0119dzynarodowej,<\/p><p>\u2013 rozwin\u0105\u0107 dzia\u0142alno\u015b\u0107 eksportow\u0105 na rynkach chi\u0144skim, ameryka\u0144skim<span class=\"Apple-converted-space\">\u00a0 <\/span>i ukrai\u0144skim oraz w efekcie<\/p><p>\u2013 zwi\u0119kszy\u0107 skal\u0119 prowadzonej dzia\u0142alno\u015bci poprzez wzrost przychod\u00f3w ze sprzeda\u017cy produkt\u00f3w na eksport.<\/p><p>The project&#039;s success will also contribute to the promotion of the Polish Economy Brand in the jewelery industry.<\/p><p><b>The duration of the project:\u00a0<\/b>01.10.2019 \u2013 31.12.2020<\/p><p><b>Project value:\u00a0<\/b>325\u00a0200, 00 z\u0142<\/p><p><b>Contribution of European Funds:\u00a0<\/b>276\u00a0420 ,00 z\u0142<\/p><p>\u00a0<\/p><\/div>\n\t\t\t\t<\/div>\n\t\t\t\t\t\t\t\t<\/div>\n\t\t\t\t<\/div>\n\t\t\t\t<\/div>\n\t\t\t\t<div class=\"elementor-element elementor-element-d3863a9 elementor-widget elementor-widget-toggle\" data-id=\"d3863a9\" data-element_type=\"widget\" data-widget_type=\"toggle.default\">\n\t\t\t\t<div class=\"elementor-widget-container\">\n\t\t\t\t\t<div class=\"elementor-toggle\">\n\t\t\t\t\t\t\t<div class=\"elementor-toggle-item\">\n\t\t\t\t\t<div id=\"elementor-tab-title-2211\" class=\"elementor-tab-title\" data-tab=\"1\" role=\"button\" aria-controls=\"elementor-tab-content-2211\" aria-expanded=\"false\">\n\t\t\t\t\t\t\t\t\t\t\t\t<span class=\"elementor-toggle-icon elementor-toggle-icon-right\" aria-hidden=\"true\">\n\t\t\t\t\t\t\t\t\t\t\t\t\t\t\t<span class=\"elementor-toggle-icon-closed\"><i class=\"fas fa-caret-right\"><\/i><\/span>\n\t\t\t\t\t\t\t\t<span class=\"elementor-toggle-icon-opened\"><i class=\"elementor-toggle-icon-opened fas fa-caret-up\"><\/i><\/span>\n\t\t\t\t\t\t\t\t\t\t\t\t\t<\/span>\n\t\t\t\t\t\t\t\t\t\t\t\t<a class=\"elementor-toggle-title\" tabindex=\"0\"> Go to brand 2020<\/a>\n\t\t\t\t\t<\/div>\n\n\t\t\t\t\t<div id=\"elementor-tab-content-2211\" class=\"elementor-tab-content elementor-clearfix\" data-tab=\"1\" role=\"region\" aria-labelledby=\"elementor-tab-title-2211\"><p><img decoding=\"async\" class=\"aligncenter wp-image-1285 size-large\" src=\"https:\/\/studiodf.pl\/wp-content\/uploads\/2019\/05\/na-stron\u0119-1024x141.png\" alt=\"\" width=\"1024\" height=\"141\" srcset=\"https:\/\/studiodf.pl\/wp-content\/uploads\/2019\/05\/na-stron\u0119-1024x141.png 1024w, https:\/\/studiodf.pl\/wp-content\/uploads\/2019\/05\/na-stron\u0119-300x41.png 300w, https:\/\/studiodf.pl\/wp-content\/uploads\/2019\/05\/na-stron\u0119-768x106.png 768w, https:\/\/studiodf.pl\/wp-content\/uploads\/2019\/05\/na-stron\u0119.png 1638w\" sizes=\"(max-width: 1024px) 100vw, 1024px\" \/><\/p><p>Studio DF Dominika Fr\u0105czkiewicz realizuje projekt pt.: \u00a0\u201eInternacjonalizacja marki Studio DF Dominika Fr\u0105czkiewicz na perspektywicznych rynkach zagranicznych\u201d w ramach Programu Operacyjnego Inteligentny Rozw\u00f3j, Poddzia\u0142anie 3.3.3 Wsparcie M\u015aP w promocji marek produktowych \u2013 Go to Brand.<\/p><p>Przedmiotem projektu jest udzia\u0142 Studio DF Dominika Fr\u0105czkiewicz w mi\u0119dzynarodowych wydarzeniach targowych w charakterze wystawcy oraz udzia\u0142 w wyjazdowej misji gospodarczej. Dzia\u0142ania w ramach projektu koncentrowa\u0107 si\u0119 b\u0119d\u0105 na rynkach perspektywicznych Chin, Japonii oraz Stan\u00f3w Zjednoczonych Ameryki.<\/p><p>Celem projektu jest wzrost konkurencyjno\u015bci Studio DF Dominika Fr\u0105czkiewicz poprzez rozw\u00f3j dzia\u0142alno\u015bci eksportowej w ramach bran\u017cowego programu promocji Moda Polska. Uczestnictwo w programie przyczyni\u0107 ma si\u0119 do umi\u0119dzynarodowienia przedsi\u0119biorstwa oraz do promowania marki\u00a0 produktowej Studio DF.<\/p><p>Oczekiwane efekty projektu to m.in:<\/p><p>&#8211; wzrost przychod\u00f3w z eksportu,\u00a0<\/p><p>&#8211; umi\u0119dzynarodowienie i wzrost rozpoznawalno\u015bci marki firmy na rynkach zagranicznych,<\/p><p>&#8211; wzrost konkurencyjno\u015bci firmy w bran\u017cy jubilerskiej,<\/p><p>&#8211; rozszerzenie dzia\u0142alno\u015bci na perspektywicznych rynkach zagranicznych.<\/p><p><strong>The duration of the project: <\/strong>01.01.2021 \u2013 31.12.2021<\/p><p><strong>Project value:<\/strong> 272 200,00 PLN<\/p><p><strong>Contribution of European Funds:<\/strong> 231 370,00 PLN<\/p><\/div>\n\t\t\t\t<\/div>\n\t\t\t\t\t\t\t\t<\/div>\n\t\t\t\t<\/div>\n\t\t\t\t<\/div>\n\t\t\t\t\t<\/div>\n\t\t<\/div>\n\t\t\t\t\t\t\t<\/div>\n\t\t<\/section>\n\t\t\t\t\t\t\t<\/div>","protected":false},"excerpt":{"rendered":"<p>Fundusze Europejskie Projekty Promocja produkt\u00f3w firmy STUDIO DF Dominika Fr\u0105czkiewicz na rynkach ameryka\u0144skim i chi\u0144skim Firma STUDIO DF Dominika Fr\u0105czkiewicz realizuje projekt pt.: ,,Promocja produkt\u00f3w firmy STUDIO DF Dominika Fr\u0105czkiewicz na rynkach ameryka\u0144skim i chi\u0144skim\u2019\u2019 w ramach Programu Operacyjnego Inteligentny Rozw\u00f3j, Poddzia\u0142anie 3.3.3 Wsparcie M\u015aP w promocji marek produktowych \u2013 Go to Brand. Przedmiotem projektu [&hellip;]<\/p>","protected":false},"author":1,"featured_media":0,"parent":0,"menu_order":0,"comment_status":"closed","ping_status":"closed","template":"elementor_header_footer","meta":{"footnotes":""},"class_list":["post-1128","page","type-page","status-publish","hentry","entry"],"aioseo_notices":[],"_links":{"self":[{"href":"https:\/\/studiodf.pl\/en\/wp-json\/wp\/v2\/pages\/1128","targetHints":{"allow":["GET"]}}],"collection":[{"href":"https:\/\/studiodf.pl\/en\/wp-json\/wp\/v2\/pages"}],"about":[{"href":"https:\/\/studiodf.pl\/en\/wp-json\/wp\/v2\/types\/page"}],"author":[{"embeddable":true,"href":"https:\/\/studiodf.pl\/en\/wp-json\/wp\/v2\/users\/1"}],"replies":[{"embeddable":true,"href":"https:\/\/studiodf.pl\/en\/wp-json\/wp\/v2\/comments?post=1128"}],"version-history":[{"count":0,"href":"https:\/\/studiodf.pl\/en\/wp-json\/wp\/v2\/pages\/1128\/revisions"}],"wp:attachment":[{"href":"https:\/\/studiodf.pl\/en\/wp-json\/wp\/v2\/media?parent=1128"}],"curies":[{"name":"wp","href":"https:\/\/api.w.org\/{rel}","templated":true}]}}